{"id":1625,"date":"2025-12-03T11:51:09","date_gmt":"2025-12-03T10:51:09","guid":{"rendered":"https:\/\/lea-hansjuergen.com\/?page_id=1625"},"modified":"2026-01-29T14:50:41","modified_gmt":"2026-01-29T13:50:41","slug":"home-2","status":"publish","type":"page","link":"https:\/\/lea-hansjuergen.com\/en\/","title":{"rendered":"How do new ideas come into the world and what does it take?"},"content":{"rendered":"<div style=\"height:21px\" aria-hidden=\"true\" class=\"wp-block-spacer\"><\/div>\n\n\n\n<div class=\"wp-block-columns is-layout-flex wp-container-core-columns-is-layout-28f84493 wp-block-columns-is-layout-flex\">\n<div class=\"wp-block-column is-layout-flow wp-block-column-is-layout-flow\">\n<figure class=\"wp-block-image size-full\"><img loading=\"lazy\" decoding=\"async\" width=\"534\" height=\"800\" src=\"https:\/\/lea-hansjuergen.com\/wp-content\/uploads\/2025\/12\/13-2024-10-13_Blick_Portraits_0263.jpeg\" alt=\"\" class=\"wp-image-1603\" srcset=\"https:\/\/lea-hansjuergen.com\/wp-content\/uploads\/2025\/12\/13-2024-10-13_Blick_Portraits_0263.jpeg 534w, https:\/\/lea-hansjuergen.com\/wp-content\/uploads\/2025\/12\/13-2024-10-13_Blick_Portraits_0263-200x300.jpeg 200w\" sizes=\"auto, (max-width: 534px) 100vw, 534px\" \/><\/figure>\n<\/div>\n\n\n\n<div class=\"wp-block-column is-layout-flow wp-block-column-is-layout-flow\">\n<div style=\"height:21px\" aria-hidden=\"true\" class=\"wp-block-spacer\"><\/div>\n\n\n\n<h3 class=\"wp-block-heading\"><strong>Hi, I'm Lea Hansj\u00fcrgen.<\/strong><\/h3>\n\n\n\n<p>I am <strong>a moderator<\/strong> and <strong>project developer<\/strong> at the interfaces between universities, innovation, business and society.<\/p>\n\n\n\n<p>For me, people who create, innovate and enable belong in the spotlight. <\/p>\n<\/div>\n<\/div>\n\n\n\n<div style=\"height:0px\" aria-hidden=\"true\" class=\"wp-block-spacer\"><\/div>\n\n\n\n<div style=\"height:20px\" aria-hidden=\"true\" class=\"wp-block-spacer\"><\/div>\n\n\n\n<h3 class=\"wp-block-heading\"><strong>Creativity and innovation<\/strong><\/h3>\n\n\n\n<p>For many years, I have been exploring the question of the conditions under which people are creative and innovations (in the broadest sense) emerge. I found answers at events and conferences, in startup incubators, universities, and cultural venues, through interviews and encounters with people from diverse disciplines, and through introspection.<\/p>\n\n\n\n<p>These insights have not only fueled my creativity for developing my own innovative formats, but also laid the foundation for my work as a moderator and project developer. <\/p>\n\n\n\n<p>I share my knowledge through lectures, write studies, lead innovation workshops, develop event concepts, creative spaces, urban districts, and occasionally my own projects.<\/p>\n\n\n\n<p>Find out more about me and my work in my <a href=\"https:\/\/lea-hansjuergen.com\/en\/category\/portfolio\/\">Portfolio<\/a> and <a href=\"https:\/\/lea-hansjuergen.com\/en\/cv\/\" data-type=\"page\" data-id=\"1485\">CV<\/a>. I look forward to questions and inquiries via <a href=\"https:\/\/lea-hansjuergen.com\/en\/kontakt\/\" data-type=\"page\" data-id=\"895\">e-mail<\/a>.<\/p>\n\n\n\n<div style=\"height:20px\" aria-hidden=\"true\" class=\"wp-block-spacer\"><\/div>\n\n\n\n<p class=\"has-text-align-right\">Herzlich Willkommen<br><strong>Lea Hansj\u00fcrgen<\/strong><\/p>\n\n\n\n<div style=\"height:43px\" aria-hidden=\"true\" class=\"wp-block-spacer\"><\/div>\n\n\n\n<p><\/p>","protected":false},"excerpt":{"rendered":"<p>Hi, ich bin Lea Hansj\u00fcrgen. Ich bin Moderatorin und entwickle Projekte an den Schnittstellen von Hochschulen, Innovation, Wirtschaft und Gesellschaft. F\u00fcr mich geh\u00f6ren Macher:innen und M\u00f6glich-Macher:innen ins Spotlight. Von Kreativit\u00e4t und Innovation Seit zwei Dekaden besch\u00e4ftige ich mich mit der Frage, unter welchen Voraussetzungen Menschen kreativ sind und Innovationen (i.w.S.) entstehen. Antworten fand ich auf [&hellip;]<\/p>\n","protected":false},"author":1,"featured_media":0,"parent":0,"menu_order":0,"comment_status":"closed","ping_status":"closed","template":"","meta":{"footnotes":""},"class_list":["post-1625","page","type-page","status-publish","hentry"],"_links":{"self":[{"href":"https:\/\/lea-hansjuergen.com\/en\/wp-json\/wp\/v2\/pages\/1625","targetHints":{"allow":["GET"]}}],"collection":[{"href":"https:\/\/lea-hansjuergen.com\/en\/wp-json\/wp\/v2\/pages"}],"about":[{"href":"https:\/\/lea-hansjuergen.com\/en\/wp-json\/wp\/v2\/types\/page"}],"author":[{"embeddable":true,"href":"https:\/\/lea-hansjuergen.com\/en\/wp-json\/wp\/v2\/users\/1"}],"replies":[{"embeddable":true,"href":"https:\/\/lea-hansjuergen.com\/en\/wp-json\/wp\/v2\/comments?post=1625"}],"version-history":[{"count":9,"href":"https:\/\/lea-hansjuergen.com\/en\/wp-json\/wp\/v2\/pages\/1625\/revisions"}],"predecessor-version":[{"id":1726,"href":"https:\/\/lea-hansjuergen.com\/en\/wp-json\/wp\/v2\/pages\/1625\/revisions\/1726"}],"wp:attachment":[{"href":"https:\/\/lea-hansjuergen.com\/en\/wp-json\/wp\/v2\/media?parent=1625"}],"curies":[{"name":"wp","href":"https:\/\/api.w.org\/{rel}","templated":true}]}}