{"id":1485,"date":"2025-09-17T16:45:00","date_gmt":"2025-09-17T14:45:00","guid":{"rendered":"https:\/\/lea-hansjuergen.com\/?page_id=1485"},"modified":"2026-01-29T14:49:22","modified_gmt":"2026-01-29T13:49:22","slug":"cv","status":"publish","type":"page","link":"https:\/\/lea-hansjuergen.com\/en\/cv\/","title":{"rendered":"CV"},"content":{"rendered":"<p><a href=\"#cveng\">Click for <em>CV in English language<\/em><\/a><\/p>\n\n\n\n<div style=\"height:50px\" aria-hidden=\"true\" class=\"wp-block-spacer\"><\/div>\n\n\n\n<p><strong>Selected customers<\/strong><\/p>\n\n\n\n<p><a href=\"http:\/\/www.artmonthsydney.com.au\" target=\"_blank\" rel=\"noreferrer noopener\">Art Month Sydney<\/a> (Australia) \/ <a href=\"https:\/\/www.giz.de\/en\/html\/about_giz.html\" target=\"_blank\" rel=\"noreferrer noopener\">GIZ<\/a> German Society for International Cooperation (Kosovo) \/ Free Libre Open Source Software Kosova <a href=\"https:\/\/flossk.org\/\" data-type=\"link\" data-id=\"https:\/\/flossk.org\/\">FLOSSK<\/a> (Kosovo) \/ <a href=\"https:\/\/evitat.com.au\/\" target=\"_blank\" rel=\"noreferrer noopener\">evitat<\/a> Sustainable Renovating (Australia) \/ <a href=\"https:\/\/colours-alliance.eu\/\" target=\"_blank\" rel=\"noreferrer noopener\">COLOURS European University Alliance<\/a> (DE) \/ <a href=\"https:\/\/www.blau-pb.de\/\">BLAU Creative Business Hub<\/a> (DE) \/ <a href=\"https:\/\/kreativ-campus-detmold.de\/potenzialstudie-zur-detmolder-kreativwirtschaft\/\" target=\"_blank\" rel=\"noreferrer noopener\">Creative Campus Detmold<\/a> (DE) \/ <a href=\"http:\/\/www.unchainedrobotics.de\">Unchained Robotics<\/a> (DE) \/ <a href=\"https:\/\/www.ostwestfalenlippe.de\/owl-gmbh\/\" target=\"_blank\" rel=\"noreferrer noopener\">OstWestfalenLippe GmbH<\/a> (DE) \/ <a href=\"https:\/\/www.goethe.de\/ins\/kz\/de\/index.html\">Goethe Institute<\/a> (Kazakhstan)<\/p>\n\n\n\n<div style=\"height:20px\" aria-hidden=\"true\" class=\"wp-block-spacer\"><\/div>\n\n\n\n<p><strong>Selected moderations<\/strong><\/p>\n\n\n\n<ul class=\"wp-block-list\">\n<li>Panel discussions \u201eCommunicating Green Transitions\u201d and \u201eBody Image, Physical Activity and Mental Health\u201d, <a href=\"https:\/\/colours-alliance.eu\/\" target=\"_blank\" rel=\"noreferrer noopener\">COLOURS European University Alliance<\/a><\/li>\n\n\n\n<li>Venture Capital Pitch Event, <a href=\"https:\/\/www.tecup.de\/owl-startup-pitch\/\">OWL Startup Pitch<\/a>, garage33 and <a href=\"http:\/\/www.sparkasse-pdh.de\" target=\"_blank\" rel=\"noreferrer noopener\">Sparkasse Paderborn-Detmold-H\u00f6xter<\/a><\/li>\n\n\n\n<li>Final Pitch Event, <a href=\"https:\/\/www.tecup.de\/call-for-ideas\/\">Call for Ideas<\/a>, garage33 and <a href=\"http:\/\/www.verbundvolksbank-owl.de\" target=\"_blank\" rel=\"noreferrer noopener\">VerbundVolksbankOWL<\/a><\/li>\n\n\n\n<li>Panel discussion \u201e<a href=\"https:\/\/www.uni-paderborn.de\/nachricht\/86899\">Violence, contempt for humanity, homophobia and sexism in rap<\/a>\", University of Paderborn<\/li>\n<\/ul>\n\n\n\n<div style=\"height:20px\" aria-hidden=\"true\" class=\"wp-block-spacer\"><\/div>\n\n\n\n<p><strong>Jury<\/strong><\/p>\n\n\n\n<ul class=\"wp-block-list\">\n<li><a href=\"https:\/\/www.gr\u00fcndungsstipendium.nrw\/en\/gruendungsstipendium\">NRW start-up grant<\/a> (2021-2022)<\/li>\n\n\n\n<li><a href=\"http:\/\/Meet, Beat + Greet\">Meet, Beat + Greet<\/a>, Cologne, Germany (2022)<\/li>\n<\/ul>\n\n\n\n<div style=\"height:20px\" aria-hidden=\"true\" class=\"wp-block-spacer\"><\/div>\n\n\n\n<p><strong>Stellen<\/strong><\/p>\n\n\n\n<ul class=\"wp-block-list\">\n<li><a href=\"http:\/\/garage33 Start-up Hub\" target=\"_blank\" rel=\"noreferrer noopener\">garage33 Start-up Hub<\/a> (Paderborn, Germany)<br>2021-2023: Head of Transfer &amp; Scouting<br>2017-2019: Manager of the Business Angel Network and startup events<\/li>\n\n\n\n<li><a href=\"https:\/\/www.coeci.nl\/s\/\">Center of Expertise for Creative Innovation<\/a> (Amsterdam, Netherlands)<br>2015: Research, Events<\/li>\n\n\n\n<li><a href=\"http:\/\/ecce - european centre for creative economy\" target=\"_blank\" rel=\"noreferrer noopener\">ecce - european center for the creative economy<\/a> (Ruhr area, Germany)<br>2013: Teilnehmer:innen-Management beim <a href=\"http:\/\/Forum d'Avignon Ruhr 2013\" target=\"_blank\" rel=\"noreferrer noopener\">Forum d'Avignon Ruhr 2013<\/a><\/li>\n<\/ul>\n\n\n\n<div style=\"height:20px\" aria-hidden=\"true\" class=\"wp-block-spacer\"><\/div>\n\n\n\n<p><strong>Lectures &amp; Workshops<\/strong><\/p>\n\n\n\n<ul class=\"wp-block-list\">\n<li>CoLab innovation workshops \u201eCommunicating Green Transitions\u201d and \u201eBody Image, Physical Activity and Mental Health\u201d<\/li>\n\n\n\n<li>Cultural &amp; Creative Entrepreneurship Seminar, University of Paderborn<\/li>\n\n\n\n<li>Social Entrepreneurship Seminar, University of Paderborn<\/li>\n\n\n\n<li>Lean Startup Workshop \u201eEuropean Young Innovators\u201d, <a href=\"http:\/\/International Center for New Media\" target=\"_blank\" rel=\"noreferrer noopener\">International Center for New Media<\/a>, Pristina, Kosovo<\/li>\n\n\n\n<li>Workshop on social entrepreneurship, Spring Academy, <a href=\"http:\/\/Studienstiftung des Deutschen Volkes\" target=\"_blank\" rel=\"noreferrer noopener\">German National Academic Foundation<\/a>, France<\/li>\n<\/ul>\n\n\n\n<div style=\"height:20px\" aria-hidden=\"true\" class=\"wp-block-spacer\"><\/div>\n\n\n\n<p><strong>Eigene Projekte<\/strong><\/p>\n\n\n\n<ul class=\"wp-block-list\">\n<li><a href=\"https:\/\/lea-hansjuergen.com\/en\/xo-talk-hintergrund\/\" target=\"_blank\" rel=\"noreferrer noopener\">XO TALK<\/a>Initiative for creative ecosystems<\/li>\n\n\n\n<li><a href=\"http:\/\/www.creating-new-norms.de\">New Norm<\/a>: With art, courage and women to body acceptance and body diversity<\/li>\n<\/ul>\n\n\n\n<div style=\"height:20px\" aria-hidden=\"true\" class=\"wp-block-spacer\"><\/div>\n\n\n\n<p><strong>Awards<\/strong><\/p>\n\n\n\n<ul class=\"wp-block-list\">\n<li>Cultural pin of the city of Paderborn for \u201eNew Norm\u201c, 2025<\/li>\n<\/ul>\n\n\n\n<div style=\"height:20px\" aria-hidden=\"true\" class=\"wp-block-spacer\"><\/div>\n\n\n\n<p><strong>Akademische Ausbildung<\/strong><\/p>\n\n\n\n<ul class=\"wp-block-list\">\n<li>2013-2016<br><strong>Master of Arts, Music and Creative Industries<\/strong><br>Popakademie Baden-W\u00fcrttemberg, Mannheim<br>Thesis: \u201eCreative industries beyond the metropolitan areas\u201c<\/li>\n<\/ul>\n\n\n\n<ul class=\"wp-block-list\">\n<li>2008-2012<br><strong>Bachelor of Arts, Economics and English Studies<\/strong><br>University of Duisburg-Essen<\/li>\n<\/ul>\n\n\n\n<ul class=\"wp-block-list\">\n<li>2010<br><strong>Linguistics and Cultural Geography<\/strong><br>University of Waikato, New Zealand<\/li>\n<\/ul>\n\n\n\n<div style=\"height:20px\" aria-hidden=\"true\" class=\"wp-block-spacer\"><\/div>\n\n\n\n<p><strong>Zertifikatslehrg\u00e4nge<\/strong><\/p>\n\n\n\n<ul class=\"wp-block-list\">\n<li>2025<br><a href=\"http:\/\/deutsche-moderatorenakademie.de\/\" target=\"_blank\" rel=\"noreferrer noopener\">Certified specialist moderator for live events<\/a><br>(Deutsche Moderatorenakademie)<\/li>\n<\/ul>\n\n\n\n<ul class=\"wp-block-list\">\n<li>2021<br>Zertifizierte Sterbebegleiterin<br><a href=\"https:\/\/www.hospizdienst-tobit.de\/index.php\">Ambulanter Hospizdienst Tobit e.V.<\/a><\/li>\n<\/ul>\n\n\n\n<div style=\"height:20px\" aria-hidden=\"true\" class=\"wp-block-spacer\"><\/div>\n\n\n\n<p><strong>Publikationen<\/strong><\/p>\n\n\n\n<ul class=\"wp-block-list\">\n<li>Lange, B., Rauch, M., Schleifer, S., &amp; Hansj\u00fcrgen, L. (2025). <strong>Von der Kreativwirtschaft lernen: Ein Pl\u00e4doyer f\u00fcr kreative Wirtschaftspolitik in Europa.<\/strong> <em>Kulturpolitische Mitteilungen<\/em>, <em>(191)<\/em>, 58\u201359.<\/li>\n\n\n\n<li>Jakob, E. &amp; Hansj\u00fcrgen, L. (2020). <strong>8 Volunteer World GmbH \u2013 Schildkr\u00f6tenretten als Business Case.<\/strong> In E. Lutz &amp; S. S\u00fc\u00df (Ed.), <em>Competitiveness of start-ups: Successful D\u00fcsseldorf companies<\/em> (pp. 91-106). Berlin, Boston: d\u00fcsseldorf university press. <a href=\"https:\/\/doi.org\/10.1515\/9783110663839-008\">https:\/\/doi.org\/10.1515\/9783110663839-008<\/a><\/li>\n<\/ul>\n\n\n\n<div style=\"height:20px\" aria-hidden=\"true\" class=\"wp-block-spacer\"><\/div>\n\n\n\n<div style=\"height:50px\" aria-hidden=\"true\" class=\"wp-block-spacer\"><\/div>\n\n\n\n<h2 class=\"wp-block-heading\" id=\"cveng\">CV \/ English<\/h2>\n\n\n\n<div style=\"height:20px\" aria-hidden=\"true\" class=\"wp-block-spacer\"><\/div>\n\n\n\n<p><strong>Selected Clients<\/strong><\/p>\n\n\n\n<p><a href=\"http:\/\/www.artmonthsydney.com.au\" target=\"_blank\" rel=\"noreferrer noopener\">Art Month Sydney<\/a> (Australia) \/ <a href=\"https:\/\/www.giz.de\/en\/html\/about_giz.html\" target=\"_blank\" rel=\"noreferrer noopener\">GIZ<\/a> German Society for International Cooperation (Kosovo) \/ Free Libre Open Source Software Kosova <a href=\"https:\/\/flossk.org\/\" data-type=\"link\" data-id=\"https:\/\/flossk.org\/\">FLOSSK<\/a> (Kosovo) \/ <a href=\"https:\/\/evitat.com.au\/\" target=\"_blank\" rel=\"noreferrer noopener\">evitat<\/a> Sustainable Renovating (Australia) \/ <a href=\"https:\/\/colours-alliance.eu\/\" target=\"_blank\" rel=\"noreferrer noopener\">COLOURS European University Alliance<\/a> (Germany) \/ <a href=\"https:\/\/www.blau-pb.de\/\">BLAU Creative Business Hub<\/a> (Germany) \/ <a href=\"https:\/\/kreativ-campus-detmold.de\/potenzialstudie-zur-detmolder-kreativwirtschaft\/\" target=\"_blank\" rel=\"noreferrer noopener\">Creative Campus Detmold<\/a> (Germany) \/ <a href=\"http:\/\/www.unchainedrobotics.de\">Unchained Robotics<\/a> (Germany), <a href=\"https:\/\/www.ostwestfalenlippe.de\/owl-gmbh\/\" target=\"_blank\" rel=\"noreferrer noopener\">OstWestfalenLippe GmbH<\/a> (Germany) \/ <a href=\"https:\/\/www.goethe.de\/ins\/kz\/de\/index.html\">Goethe Institute<\/a> (Kazakhstan)<\/p>\n\n\n\n<div style=\"height:20px\" aria-hidden=\"true\" class=\"wp-block-spacer\"><\/div>\n\n\n\n<p><strong>Selected Moderations<\/strong><\/p>\n\n\n\n<ul class=\"wp-block-list\">\n<li>Panel Discussions \u201eCommunicating Green Transitions\u201c and \u201eBody Image, Physical Activity and Mental Health\u201c, <a href=\"https:\/\/colours-alliance.eu\/\" target=\"_blank\" rel=\"noreferrer noopener\">COLOURS European University Alliance<\/a><\/li>\n\n\n\n<li>Venture Capital Pitch Event, <a href=\"https:\/\/www.tecup.de\/owl-startup-pitch\/\">OWL Startup Pitch<\/a>, garage33 and <a href=\"http:\/\/www.sparkasse-pdh.de\" target=\"_blank\" rel=\"noreferrer noopener\">Sparkasse Paderborn-Detmold-H\u00f6xter<\/a><\/li>\n\n\n\n<li>Final Pitch Event, <a href=\"https:\/\/www.tecup.de\/call-for-ideas\/\">Call for Ideas<\/a>, garage33 and <a href=\"http:\/\/www.verbundvolksbank-owl.de\" target=\"_blank\" rel=\"noreferrer noopener\">VerbundVolksbankOWL<\/a><\/li>\n\n\n\n<li>Panel Discussion <a href=\"https:\/\/www.uni-paderborn.de\/nachricht\/86899\">\u201eViolence, Contempt for Humanity, Homophobia, and Sexism in Rap\u201c<\/a>, University of Paderborn<\/li>\n<\/ul>\n\n\n\n<div style=\"height:20px\" aria-hidden=\"true\" class=\"wp-block-spacer\"><\/div>\n\n\n\n<p><strong>Jury<\/strong><\/p>\n\n\n\n<ul class=\"wp-block-list\">\n<li><a href=\"https:\/\/www.gr\u00fcndungsstipendium.nrw\/en\/gruendungsstipendium\">Startup Scholarship NRW<\/a> (2021-2022)<\/li>\n\n\n\n<li><a href=\"https:\/\/www.youtube.com\/watch?v=EPhOFROhMCY\">Meet, Beat + Greet<\/a>, Cologne, Germany (2022)<\/li>\n<\/ul>\n\n\n\n<div style=\"height:20px\" aria-hidden=\"true\" class=\"wp-block-spacer\"><\/div>\n\n\n\n<p><strong>Professional Practice <\/strong><\/p>\n\n\n\n<ul class=\"wp-block-list\">\n<li><a href=\"https:\/\/www.tecup.de\/\" target=\"_blank\" rel=\"noreferrer noopener\">garage33 Start-up Hub<\/a> (Paderborn, Germany)<br>2021-2023: Head of Transfer &amp; Scouting<br>2017-2019: Manager of Business Angel Network and Startup Events<\/li>\n\n\n\n<li><a href=\"https:\/\/www.coeci.nl\/s\/\">Center of Expertise for Creative Innovation <\/a>(Amsterdam, Netherlands)<br>2015: Research, Events<\/li>\n\n\n\n<li><a href=\"https:\/\/www.e-c-c-e.de\/\" target=\"_blank\" rel=\"noreferrer noopener\">ecce - european center for creative economy<\/a> (Ruhr Area, Germany)<br>2013: Participants Manager at <a href=\"https:\/\/www.e-c-c-e.de\/fileadmin\/dokumente\/publikationen\/FAR13_Programmheft_web_20130620.pdf\">Forum d'Avignon Ruhr 2013<\/a> <\/li>\n<\/ul>\n\n\n\n<div style=\"height:20px\" aria-hidden=\"true\" class=\"wp-block-spacer\"><\/div>\n\n\n\n<p><strong>Lectures &amp; Workshops<\/strong><\/p>\n\n\n\n<ul class=\"wp-block-list\">\n<li>CoLab Innovation Workshops \u201eCommunicating Green Transitions\u201c and \u201eBody Image, Physical Activity and Mental Health\u201c<\/li>\n\n\n\n<li>Cultural &amp; Creative Entrepreneurship Seminar, University of Paderborn, Germany<\/li>\n\n\n\n<li>Social Entrepreneurship Seminar, University of Paderborn, Germany<\/li>\n\n\n\n<li>Lean Startup Workshop \u201eEuropean Young Innovators\u201c, <a href=\"https:\/\/icnm.net\">International Center for New Media<\/a>, Prishtina, Kosovo<\/li>\n\n\n\n<li>Social Entrepreneurship Workshop, Spring Academy, <a href=\"https:\/\/www.studienstiftung.de\/en\/\">German National Academic Foundation<\/a>, France<\/li>\n<\/ul>\n\n\n\n<div style=\"height:20px\" aria-hidden=\"true\" class=\"wp-block-spacer\"><\/div>\n\n\n\n<p><strong>Impact Initiatives<\/strong><\/p>\n\n\n\n<ul class=\"wp-block-list\">\n<li><a href=\"https:\/\/lea-hansjuergen.com\/en\/xo-talk-hintergrund\/\">XO TALK<\/a>: Creative Ecosystem Initiative<\/li>\n\n\n\n<li><a href=\"http:\/\/www.creating-new-norms.de\">New Norm<\/a>: Art, Activism and Mental Health Project on Body Acceptance and Body Diversity<\/li>\n<\/ul>\n\n\n\n<div style=\"height:20px\" aria-hidden=\"true\" class=\"wp-block-spacer\"><\/div>\n\n\n\n<p><strong>Education<\/strong><\/p>\n\n\n\n<ul class=\"wp-block-list\">\n<li>2025<br><a href=\"http:\/\/deutsche-moderatorenakademie.de\/\">Certified Moderator for Live Events<\/a><br>(Deutsche Moderatorenakademie)<\/li>\n<\/ul>\n\n\n\n<ul class=\"wp-block-list\">\n<li>2013-2016<br><strong>Master of Arts, Music and Creative Industries<\/strong><br>Popakademie Baden-W\u00fcrttemberg<br>Thesis: &#8222;Creative Industries Beyond the Metropoles&#8220;<\/li>\n<\/ul>\n\n\n\n<ul class=\"wp-block-list\">\n<li>2008-2012<br><strong>Bachelor of Arts, Business and English Studies<\/strong><br>University of Duisburg-Essen, Germany<\/li>\n<\/ul>\n\n\n\n<ul class=\"wp-block-list\">\n<li>2010<br><strong>Linguistics and Cultural Geography<\/strong><br>University of Waikato, New Zealand<\/li>\n<\/ul>\n\n\n\n<div style=\"height:20px\" aria-hidden=\"true\" class=\"wp-block-spacer\"><\/div>\n\n\n\n<p><strong>Publication<\/strong><\/p>\n\n\n\n<ul class=\"wp-block-list\">\n<li>Jakob, E. &amp; Hansj\u00fcrgen, L. (2020). 8 Volunteer World GmbH - Turtle rescue as a business case. In E. Lutz &amp; S. S\u00fc\u00df (Ed.), <em>Competitiveness of start-ups: Successful D\u00fcsseldorf companies<\/em> (pp. 91-106). Berlin, Boston: d\u00fcsseldorf university press. <a href=\"https:\/\/doi.org\/10.1515\/9783110663839-008\">https:\/\/doi.org\/10.1515\/9783110663839-008<\/a><\/li>\n<\/ul>","protected":false},"excerpt":{"rendered":"<p>Click for CV in English language Ausgew\u00e4hlte Kunden Art Month Sydney (Australien) \/ GIZ Deutsche Gesellschaft f\u00fcr Internationale Zusammenarbeit (Kosovo) \/ Free Libre Open Source Software Kosova FLOSSK (Kosovo) \/ evitat Sustainable Renovating (Australien) \/ COLOURS European University Alliance (DE) \/ BLAU Creative Business Hub (DE) \/ Kreativ Campus Detmold (DE) \/ Unchained Robotics (DE) [&hellip;]<\/p>\n","protected":false},"author":1,"featured_media":0,"parent":0,"menu_order":0,"comment_status":"closed","ping_status":"closed","template":"","meta":{"footnotes":""},"class_list":["post-1485","page","type-page","status-publish","hentry"],"_links":{"self":[{"href":"https:\/\/lea-hansjuergen.com\/en\/wp-json\/wp\/v2\/pages\/1485","targetHints":{"allow":["GET"]}}],"collection":[{"href":"https:\/\/lea-hansjuergen.com\/en\/wp-json\/wp\/v2\/pages"}],"about":[{"href":"https:\/\/lea-hansjuergen.com\/en\/wp-json\/wp\/v2\/types\/page"}],"author":[{"embeddable":true,"href":"https:\/\/lea-hansjuergen.com\/en\/wp-json\/wp\/v2\/users\/1"}],"replies":[{"embeddable":true,"href":"https:\/\/lea-hansjuergen.com\/en\/wp-json\/wp\/v2\/comments?post=1485"}],"version-history":[{"count":10,"href":"https:\/\/lea-hansjuergen.com\/en\/wp-json\/wp\/v2\/pages\/1485\/revisions"}],"predecessor-version":[{"id":1725,"href":"https:\/\/lea-hansjuergen.com\/en\/wp-json\/wp\/v2\/pages\/1485\/revisions\/1725"}],"wp:attachment":[{"href":"https:\/\/lea-hansjuergen.com\/en\/wp-json\/wp\/v2\/media?parent=1485"}],"curies":[{"name":"wp","href":"https:\/\/api.w.org\/{rel}","templated":true}]}}